{"id":7143,"date":"2020-03-31T14:10:39","date_gmt":"2020-03-31T14:10:39","guid":{"rendered":"https:\/\/www.gattero.it\/prezzi-agriturismo-volterra\/"},"modified":"2025-10-03T14:09:53","modified_gmt":"2025-10-03T14:09:53","slug":"ceny-dom-volterra","status":"publish","type":"page","link":"https:\/\/www.gattero.it\/pl\/ceny-dom-volterra\/","title":{"rendered":"Ceny"},"content":{"rendered":"\t\t<div data-elementor-type=\"wp-page\" data-elementor-id=\"7143\" class=\"elementor elementor-7143 elementor-2560\">\n\t\t\t\t\t\t\t\t\t<section class=\"elementor-section elementor-top-section elementor-element elementor-element-7ff20ca elementor-section-full_width qodef-elementor-content-grid elementor-section-height-default elementor-section-height-default\" data-id=\"7ff20ca\" data-element_type=\"section\">\n\t\t\t\t\t\t<div class=\"elementor-container elementor-column-gap-no\">\n\t\t\t\t\t<div class=\"elementor-column elementor-col-100 elementor-top-column elementor-element elementor-element-500b04f\" data-id=\"500b04f\" data-element_type=\"column\">\n\t\t\t<div class=\"elementor-widget-wrap elementor-element-populated\">\n\t\t\t\t\t\t\t\t<div class=\"elementor-element elementor-element-d74b235 elementor-widget elementor-widget-alloggio_core_section_title\" data-id=\"d74b235\" data-element_type=\"widget\" data-widget_type=\"alloggio_core_section_title.default\">\n\t\t\t\t<div class=\"elementor-widget-container\">\n\t\t\t<div class=\"qodef-shortcode qodef-m  qodef-section-title qodef-alignment--center\">\n\t\t<h2 class=\"qodef-m-title\" >\n\t\t\t\t\tSezon 2026\t\t\t<\/h2>\n\t\t<span class=\"qodef-m-text\" >\n\tCeny dotycz\u0105 tygodniowego pobytu i apartamentu.\t<\/span>\n<\/div>\t\t<\/div>\n\t\t\t\t<\/div>\n\t\t\t\t\t<\/div>\n\t\t<\/div>\n\t\t\t\t\t\t\t<\/div>\n\t\t<\/section>\n\t\t\t\t<section class=\"elementor-section elementor-top-section elementor-element elementor-element-7d1af9e elementor-section-full_width qodef-elementor-content-grid elementor-section-stretched elementor-section-height-default elementor-section-height-default\" data-id=\"7d1af9e\" data-element_type=\"section\" data-settings=\"{&quot;stretch_section&quot;:&quot;section-stretched&quot;}\">\n\t\t\t\t\t\t<div class=\"elementor-container elementor-column-gap-no\">\n\t\t\t\t\t<div class=\"elementor-column elementor-col-100 elementor-top-column elementor-element elementor-element-8e2c77d\" data-id=\"8e2c77d\" data-element_type=\"column\">\n\t\t\t<div class=\"elementor-widget-wrap elementor-element-populated\">\n\t\t\t\t\t\t\t\t<div class=\"elementor-element elementor-element-5a1b233 elementor-widget elementor-widget-shortcode\" data-id=\"5a1b233\" data-element_type=\"widget\" data-widget_type=\"shortcode.default\">\n\t\t\t\t<div class=\"elementor-widget-container\">\n\t\t\t\t\t<div class=\"elementor-shortcode\">\n<table id=\"tablepress-1\" class=\"tablepress tablepress-id-1\">\n<thead>\n<tr class=\"row-1 odd\">\n\t<th class=\"column-1\">Stagione \/ Season<br \/>\n2026<br \/>\n<\/th><th class=\"column-2\">Bassa Stagione \/ Low Season<br \/>\n04\/04-23\/05<br \/>\n19\/09-10\/10<\/th><th class=\"column-3\">Media Stagione \/ Medium Season<br \/>\n23\/05-13\/06 <br \/>\n05\/09-19\/09<\/th><th class=\"column-4\">Medio-Alta Stagione<br \/>\n \/ Mid High Season<br \/>\n13\/06-04\/07<br \/>\n22\/08-05\/09<\/th><th class=\"column-5\">Alta Stagione \/ High Season<br \/>\n04\/07-22\/08<\/th>\n<\/tr>\n<\/thead>\n<tbody class=\"row-hover\">\n<tr class=\"row-2 even\">\n\t<td class=\"column-1\">Ciclamino - 2 pax<\/td><td class=\"column-2\">\u20ac 395<\/td><td class=\"column-3\">\u20ac 495<\/td><td class=\"column-4\">\u20ac 685<\/td><td class=\"column-5\">\u20ac 845<\/td>\n<\/tr>\n<tr class=\"row-3 odd\">\n\t<td class=\"column-1\">Pervinca - 3 pax<\/td><td class=\"column-2\">\u20ac 465<\/td><td class=\"column-3\">\u20ac 575<\/td><td class=\"column-4\">\u20ac 745<\/td><td class=\"column-5\">\u20ac 935<\/td>\n<\/tr>\n<tr class=\"row-4 even\">\n\t<td class=\"column-1\">Rosa - 4 pax<\/td><td class=\"column-2\">\u20ac 495<\/td><td class=\"column-3\">\u20ac 680<\/td><td class=\"column-4\">\u20ac 820<\/td><td class=\"column-5\">\u20ac 1075<\/td>\n<\/tr>\n<tr class=\"row-5 odd\">\n\t<td class=\"column-1\">Girasole - 4 pax<\/td><td class=\"column-2\">\u20ac 495<\/td><td class=\"column-3\">\u20ac 680<\/td><td class=\"column-4\">\u20ac 820<\/td><td class=\"column-5\">\u20ac 1075<\/td>\n<\/tr>\n<tr class=\"row-6 even\">\n\t<td class=\"column-1\">Edera - 4 pax<\/td><td class=\"column-2\">\u20ac 495<\/td><td class=\"column-3\">\u20ac 680<\/td><td class=\"column-4\">\u20ac 820<\/td><td class=\"column-5\">\u20ac 1075<\/td>\n<\/tr>\n<tr class=\"row-7 odd\">\n\t<td class=\"column-1\">Glicine - 4 pax<\/td><td class=\"column-2\">\u20ac 595<\/td><td class=\"column-3\">\u20ac 745<\/td><td class=\"column-4\">\u20ac 880<\/td><td class=\"column-5\">\u20ac 1180<\/td>\n<\/tr>\n<tr class=\"row-8 even\">\n\t<td class=\"column-1\">Lilla - 4 pax<\/td><td class=\"column-2\">\u20ac 595<\/td><td class=\"column-3\">\u20ac 745<\/td><td class=\"column-4\">\u20ac 880<\/td><td class=\"column-5\">\u20ac 1180<\/td>\n<\/tr>\n<tr class=\"row-9 odd\">\n\t<td class=\"column-1\">Lavanda - 5 pax<\/td><td class=\"column-2\">\u20ac 595<\/td><td class=\"column-3\">\u20ac 745<\/td><td class=\"column-4\">\u20ac 880<\/td><td class=\"column-5\">\u20ac 1180<\/td>\n<\/tr>\n<tr class=\"row-10 even\">\n\t<td class=\"column-1\">Primula - 6 pax<\/td><td class=\"column-2\">\u20ac 695<\/td><td class=\"column-3\">\u20ac 850<\/td><td class=\"column-4\">\u20ac 1135<\/td><td class=\"column-5\">\u20ac 1440<\/td>\n<\/tr>\n<tr class=\"row-11 odd\">\n\t<td class=\"column-1\">Ribes - 6 pax<\/td><td class=\"column-2\">\u20ac 695<\/td><td class=\"column-3\">\u20ac 850<\/td><td class=\"column-4\">\u20ac 1135<\/td><td class=\"column-5\">\u20ac 1440<\/td>\n<\/tr>\n<\/tbody>\n<\/table>\n<!-- #tablepress-1 from cache --><\/div>\n\t\t\t\t<\/div>\n\t\t\t\t<\/div>\n\t\t\t\t\t<\/div>\n\t\t<\/div>\n\t\t\t\t\t\t\t<\/div>\n\t\t<\/section>\n\t\t\t\t<section class=\"elementor-section elementor-top-section elementor-element elementor-element-5f68976 elementor-section-full_width qodef-elementor-content-grid elementor-section-height-default elementor-section-height-default\" data-id=\"5f68976\" data-element_type=\"section\">\n\t\t\t\t\t\t<div class=\"elementor-container elementor-column-gap-no\">\n\t\t\t\t\t<div class=\"elementor-column elementor-col-100 elementor-top-column elementor-element elementor-element-7e793dc\" data-id=\"7e793dc\" data-element_type=\"column\">\n\t\t\t<div class=\"elementor-widget-wrap elementor-element-populated\">\n\t\t\t\t\t\t\t\t<div class=\"elementor-element elementor-element-ad41df5 elementor-widget elementor-widget-alloggio_core_section_title\" data-id=\"ad41df5\" data-element_type=\"widget\" data-widget_type=\"alloggio_core_section_title.default\">\n\t\t\t\t<div class=\"elementor-widget-container\">\n\t\t\t<div class=\"qodef-shortcode qodef-m  qodef-section-title qodef-alignment--center\">\n\t\t\t<span class=\"qodef-m-text\" >\n\tObejmuj\u0105 zu\u017cycie wody, gaz, energi\u0119 elektryczn\u0105, korzystanie ze wszystkich us\u0142ug na zewn\u0105trz agroturystyki oraz sprz\u0105tanie ko\u0144cowe. W ceny nie s\u0105 wliczone: bielizna po\u015bcielowa i r\u0119czniki (na \u017cyczenie - 18 \u20ac osoba za ca\u0142y pobyt) i ogrzewanie \/ klimatyzacja (120 \u20ac za tydzie\u0144 za apartament), pralnia (5 \u20ac \u017ceton), wi-fi FREE.\t<\/span>\n<\/div>\t\t<\/div>\n\t\t\t\t<\/div>\n\t\t\t\t<div class=\"elementor-element elementor-element-54d8f1d elementor-widget elementor-widget-spacer\" data-id=\"54d8f1d\" data-element_type=\"widget\" data-widget_type=\"spacer.default\">\n\t\t\t\t<div class=\"elementor-widget-container\">\n\t\t\t<style>\/*! elementor - v3.10.0 - 09-01-2023 *\/\n.elementor-column .elementor-spacer-inner{height:var(--spacer-size)}.e-con{--container-widget-width:100%}.e-con-inner>.elementor-widget-spacer,.e-con>.elementor-widget-spacer{width:var(--container-widget-width,var(--spacer-size));--align-self:var(--container-widget-align-self,initial);--flex-shrink:0}.e-con-inner>.elementor-widget-spacer>.elementor-widget-container,.e-con-inner>.elementor-widget-spacer>.elementor-widget-container>.elementor-spacer,.e-con>.elementor-widget-spacer>.elementor-widget-container,.e-con>.elementor-widget-spacer>.elementor-widget-container>.elementor-spacer{height:100%}.e-con-inner>.elementor-widget-spacer>.elementor-widget-container>.elementor-spacer>.elementor-spacer-inner,.e-con>.elementor-widget-spacer>.elementor-widget-container>.elementor-spacer>.elementor-spacer-inner{height:var(--container-widget-height,var(--spacer-size))}<\/style>\t\t<div class=\"elementor-spacer\">\n\t\t\t<div class=\"elementor-spacer-inner\"><\/div>\n\t\t<\/div>\n\t\t\t\t<\/div>\n\t\t\t\t<\/div>\n\t\t\t\t<div class=\"elementor-element elementor-element-ad0be11 elementor-widget elementor-widget-alloggio_core_image_gallery\" data-id=\"ad0be11\" data-element_type=\"widget\" data-widget_type=\"alloggio_core_image_gallery.default\">\n\t\t\t\t<div class=\"elementor-widget-container\">\n\t\t\t<div class=\"qodef-shortcode qodef-m  qodef-image-gallery      qodef-grid qodef-layout--columns  qodef-gutter--normal qodef-col-num--3  qodef-responsive--custom qodef-col-num--1440--3 qodef-col-num--1366--3 qodef-col-num--1024--3 qodef-col-num--768--1 qodef-col-num--680--1 qodef-col-num--480--1\">\n    <div class=\"qodef-grid-inner clear\">\n\t\t<div class=\"qodef-e qodef-image-wrapper qodef-grid-item\">\n\t\t\t\t<\/div><div class=\"qodef-e qodef-image-wrapper qodef-grid-item\">\n\t\t\t\t<\/div><div class=\"qodef-e qodef-image-wrapper qodef-grid-item\">\n\t\t\t\t<\/div>    <\/div>\n<\/div>\t\t<\/div>\n\t\t\t\t<\/div>\n\t\t\t\t\t<\/div>\n\t\t<\/div>\n\t\t\t\t\t\t\t<\/div>\n\t\t<\/section>\n\t\t\t\t\t\t\t<\/div>\n\t\t","protected":false},"excerpt":{"rendered":"<p>Sezon 2026 Ceny dotycz\u0105 tygodniowego pobytu i apartamentu. Obejmuj\u0105 zu\u017cycie wody, gaz, energi\u0119 elektryczn\u0105, korzystanie ze wszystkich us\u0142ug na zewn\u0105trz agroturystyki oraz sprz\u0105tanie ko\u0144cowe. W ceny nie s\u0105 wliczone: bielizna po\u015bcielowa i r\u0119czniki (na \u017cyczenie &#8211; 18 \u20ac osoba za ca\u0142y pobyt) i ogrzewanie \/ klimatyzacja (120 \u20ac za tydzie\u0144 za apartament), pralnia (5 \u20ac [&hellip;]<\/p>\n","protected":false},"author":2,"featured_media":0,"parent":0,"menu_order":0,"comment_status":"closed","ping_status":"closed","template":"page-full-width.php","meta":{"footnotes":""},"class_list":["post-7143","page","type-page","status-publish","hentry"],"yoast_head":"<!-- This site is optimized with the Yoast SEO plugin v26.1 - https:\/\/yoast.com\/wordpress\/plugins\/seo\/ -->\n<title>Odkryj stawki Il Gattero - Ceny gospodarstw rolnych Volterra<\/title>\n<meta name=\"description\" content=\"Odkryj stawki Il Gattero - Volterra ceny dom\u00f3w na wsi w Toskanii z basenem i wieloma us\u0142ugami dla rodzin\" \/>\n<meta name=\"robots\" content=\"index, follow, max-snippet:-1, max-image-preview:large, max-video-preview:-1\" \/>\n<link rel=\"canonical\" href=\"https:\/\/www.gattero.it\/pl\/ceny-dom-volterra\/\" \/>\n<meta property=\"og:locale\" content=\"pl_PL\" \/>\n<meta property=\"og:type\" content=\"article\" \/>\n<meta property=\"og:title\" content=\"Odkryj stawki Il Gattero - Ceny gospodarstw rolnych Volterra\" \/>\n<meta property=\"og:description\" content=\"Odkryj stawki Il Gattero - Volterra ceny dom\u00f3w na wsi w Toskanii z basenem i wieloma us\u0142ugami dla rodzin\" \/>\n<meta property=\"og:url\" content=\"https:\/\/www.gattero.it\/pl\/ceny-dom-volterra\/\" \/>\n<meta property=\"og:site_name\" content=\"Agriturismo il Gattero\" \/>\n<meta property=\"article:modified_time\" content=\"2025-10-03T14:09:53+00:00\" \/>\n<meta name=\"twitter:card\" content=\"summary_large_image\" \/>\n<meta name=\"twitter:label1\" content=\"Szacowany czas czytania\" \/>\n\t<meta name=\"twitter:data1\" content=\"1 minuta\" \/>\n<script type=\"application\/ld+json\" class=\"yoast-schema-graph\">{\"@context\":\"https:\/\/schema.org\",\"@graph\":[{\"@type\":\"WebPage\",\"@id\":\"https:\/\/www.gattero.it\/pl\/ceny-dom-volterra\/\",\"url\":\"https:\/\/www.gattero.it\/pl\/ceny-dom-volterra\/\",\"name\":\"Odkryj stawki Il Gattero - Ceny gospodarstw rolnych Volterra\",\"isPartOf\":{\"@id\":\"https:\/\/www.gattero.it\/pl\/#website\"},\"datePublished\":\"2020-03-31T14:10:39+00:00\",\"dateModified\":\"2025-10-03T14:09:53+00:00\",\"description\":\"Odkryj stawki Il Gattero - Volterra ceny dom\u00f3w na wsi w Toskanii z basenem i wieloma us\u0142ugami dla rodzin\",\"breadcrumb\":{\"@id\":\"https:\/\/www.gattero.it\/pl\/ceny-dom-volterra\/#breadcrumb\"},\"inLanguage\":\"pl-PL\",\"potentialAction\":[{\"@type\":\"ReadAction\",\"target\":[\"https:\/\/www.gattero.it\/pl\/ceny-dom-volterra\/\"]}]},{\"@type\":\"BreadcrumbList\",\"@id\":\"https:\/\/www.gattero.it\/pl\/ceny-dom-volterra\/#breadcrumb\",\"itemListElement\":[{\"@type\":\"ListItem\",\"position\":1,\"name\":\"Home\",\"item\":\"https:\/\/www.gattero.it\/pl\/main-home\/\"},{\"@type\":\"ListItem\",\"position\":2,\"name\":\"Ceny\"}]},{\"@type\":\"WebSite\",\"@id\":\"https:\/\/www.gattero.it\/pl\/#website\",\"url\":\"https:\/\/www.gattero.it\/pl\/\",\"name\":\"Agriturismo il Gattero\",\"description\":\"Agriturismo con piscina nella campagna toscana\",\"publisher\":{\"@id\":\"https:\/\/www.gattero.it\/pl\/#organization\"},\"potentialAction\":[{\"@type\":\"SearchAction\",\"target\":{\"@type\":\"EntryPoint\",\"urlTemplate\":\"https:\/\/www.gattero.it\/pl\/?s={search_term_string}\"},\"query-input\":{\"@type\":\"PropertyValueSpecification\",\"valueRequired\":true,\"valueName\":\"search_term_string\"}}],\"inLanguage\":\"pl-PL\"},{\"@type\":\"Organization\",\"@id\":\"https:\/\/www.gattero.it\/pl\/#organization\",\"name\":\"Agriturismo Il Gattero\",\"url\":\"https:\/\/www.gattero.it\/pl\/\",\"logo\":{\"@type\":\"ImageObject\",\"inLanguage\":\"pl-PL\",\"@id\":\"https:\/\/www.gattero.it\/pl\/#\/schema\/logo\/image\/\",\"url\":\"https:\/\/www.gattero.it\/wp-content\/uploads\/2022\/10\/logo-gattero-agriturismo.png\",\"contentUrl\":\"https:\/\/www.gattero.it\/wp-content\/uploads\/2022\/10\/logo-gattero-agriturismo.png\",\"width\":318,\"height\":100,\"caption\":\"Agriturismo Il Gattero\"},\"image\":{\"@id\":\"https:\/\/www.gattero.it\/pl\/#\/schema\/logo\/image\/\"}}]}<\/script>\n<!-- \/ Yoast SEO plugin. -->","yoast_head_json":{"title":"Odkryj stawki Il Gattero - Ceny gospodarstw rolnych Volterra","description":"Odkryj stawki Il Gattero - Volterra ceny dom\u00f3w na wsi w Toskanii z basenem i wieloma us\u0142ugami dla rodzin","robots":{"index":"index","follow":"follow","max-snippet":"max-snippet:-1","max-image-preview":"max-image-preview:large","max-video-preview":"max-video-preview:-1"},"canonical":"https:\/\/www.gattero.it\/pl\/ceny-dom-volterra\/","og_locale":"pl_PL","og_type":"article","og_title":"Odkryj stawki Il Gattero - Ceny gospodarstw rolnych Volterra","og_description":"Odkryj stawki Il Gattero - Volterra ceny dom\u00f3w na wsi w Toskanii z basenem i wieloma us\u0142ugami dla rodzin","og_url":"https:\/\/www.gattero.it\/pl\/ceny-dom-volterra\/","og_site_name":"Agriturismo il Gattero","article_modified_time":"2025-10-03T14:09:53+00:00","twitter_card":"summary_large_image","twitter_misc":{"Szacowany czas czytania":"1 minuta"},"schema":{"@context":"https:\/\/schema.org","@graph":[{"@type":"WebPage","@id":"https:\/\/www.gattero.it\/pl\/ceny-dom-volterra\/","url":"https:\/\/www.gattero.it\/pl\/ceny-dom-volterra\/","name":"Odkryj stawki Il Gattero - Ceny gospodarstw rolnych Volterra","isPartOf":{"@id":"https:\/\/www.gattero.it\/pl\/#website"},"datePublished":"2020-03-31T14:10:39+00:00","dateModified":"2025-10-03T14:09:53+00:00","description":"Odkryj stawki Il Gattero - Volterra ceny dom\u00f3w na wsi w Toskanii z basenem i wieloma us\u0142ugami dla rodzin","breadcrumb":{"@id":"https:\/\/www.gattero.it\/pl\/ceny-dom-volterra\/#breadcrumb"},"inLanguage":"pl-PL","potentialAction":[{"@type":"ReadAction","target":["https:\/\/www.gattero.it\/pl\/ceny-dom-volterra\/"]}]},{"@type":"BreadcrumbList","@id":"https:\/\/www.gattero.it\/pl\/ceny-dom-volterra\/#breadcrumb","itemListElement":[{"@type":"ListItem","position":1,"name":"Home","item":"https:\/\/www.gattero.it\/pl\/main-home\/"},{"@type":"ListItem","position":2,"name":"Ceny"}]},{"@type":"WebSite","@id":"https:\/\/www.gattero.it\/pl\/#website","url":"https:\/\/www.gattero.it\/pl\/","name":"Agriturismo il Gattero","description":"Agriturismo con piscina nella campagna toscana","publisher":{"@id":"https:\/\/www.gattero.it\/pl\/#organization"},"potentialAction":[{"@type":"SearchAction","target":{"@type":"EntryPoint","urlTemplate":"https:\/\/www.gattero.it\/pl\/?s={search_term_string}"},"query-input":{"@type":"PropertyValueSpecification","valueRequired":true,"valueName":"search_term_string"}}],"inLanguage":"pl-PL"},{"@type":"Organization","@id":"https:\/\/www.gattero.it\/pl\/#organization","name":"Agriturismo Il Gattero","url":"https:\/\/www.gattero.it\/pl\/","logo":{"@type":"ImageObject","inLanguage":"pl-PL","@id":"https:\/\/www.gattero.it\/pl\/#\/schema\/logo\/image\/","url":"https:\/\/www.gattero.it\/wp-content\/uploads\/2022\/10\/logo-gattero-agriturismo.png","contentUrl":"https:\/\/www.gattero.it\/wp-content\/uploads\/2022\/10\/logo-gattero-agriturismo.png","width":318,"height":100,"caption":"Agriturismo Il Gattero"},"image":{"@id":"https:\/\/www.gattero.it\/pl\/#\/schema\/logo\/image\/"}}]}},"_links":{"self":[{"href":"https:\/\/www.gattero.it\/pl\/wp-json\/wp\/v2\/pages\/7143","targetHints":{"allow":["GET"]}}],"collection":[{"href":"https:\/\/www.gattero.it\/pl\/wp-json\/wp\/v2\/pages"}],"about":[{"href":"https:\/\/www.gattero.it\/pl\/wp-json\/wp\/v2\/types\/page"}],"author":[{"embeddable":true,"href":"https:\/\/www.gattero.it\/pl\/wp-json\/wp\/v2\/users\/2"}],"replies":[{"embeddable":true,"href":"https:\/\/www.gattero.it\/pl\/wp-json\/wp\/v2\/comments?post=7143"}],"version-history":[{"count":22,"href":"https:\/\/www.gattero.it\/pl\/wp-json\/wp\/v2\/pages\/7143\/revisions"}],"predecessor-version":[{"id":13289,"href":"https:\/\/www.gattero.it\/pl\/wp-json\/wp\/v2\/pages\/7143\/revisions\/13289"}],"wp:attachment":[{"href":"https:\/\/www.gattero.it\/pl\/wp-json\/wp\/v2\/media?parent=7143"}],"curies":[{"name":"wp","href":"https:\/\/api.w.org\/{rel}","templated":true}]}}