{"id":7166,"date":"2020-03-20T11:50:16","date_gmt":"2020-03-20T11:50:16","guid":{"rendered":"https:\/\/www.gattero.it\/offerte-agriturismo-in-toscana\/"},"modified":"2022-10-14T07:55:14","modified_gmt":"2022-10-14T07:55:14","slug":"oferty-dom-w-toskanii","status":"publish","type":"page","link":"https:\/\/www.gattero.it\/pl\/oferty-dom-w-toskanii\/","title":{"rendered":"Oferty"},"content":{"rendered":"\t\t<div data-elementor-type=\"wp-page\" data-elementor-id=\"7166\" class=\"elementor elementor-7166 elementor-422\">\n\t\t\t\t\t\t\t\t\t<section class=\"elementor-section elementor-top-section elementor-element elementor-element-28572c5 elementor-section-full_width elementor-section-height-default elementor-section-height-default qodef-elementor-content-no\" data-id=\"28572c5\" data-element_type=\"section\">\n\t\t\t\t\t\t<div class=\"elementor-container elementor-column-gap-no\">\n\t\t\t\t\t<div class=\"elementor-column elementor-col-100 elementor-top-column elementor-element elementor-element-11357d8\" data-id=\"11357d8\" data-element_type=\"column\">\n\t\t\t<div class=\"elementor-widget-wrap elementor-element-populated\">\n\t\t\t\t\t\t\t\t<div class=\"elementor-element elementor-element-939d475 elementor-widget elementor-widget-alloggio_core_blog_list\" data-id=\"939d475\" data-element_type=\"widget\" data-widget_type=\"alloggio_core_blog_list.default\">\n\t\t\t\t<div class=\"elementor-widget-container\">\n\t\t\t<div class=\"qodef-shortcode qodef-m  qodef-blog qodef--list qodef-item-layout--standard   qodef-grid qodef-layout--columns  qodef-gutter--normal qodef-col-num--1 qodef-item-layout--standard qodef-pagination--on qodef-pagination-type--standard qodef-responsive--predefined\" data-options=\"{&quot;plugin&quot;:&quot;alloggio_core&quot;,&quot;module&quot;:&quot;blog\\\/shortcodes&quot;,&quot;shortcode&quot;:&quot;blog-list&quot;,&quot;post_type&quot;:&quot;post&quot;,&quot;next_page&quot;:&quot;2&quot;,&quot;max_pages_num&quot;:1,&quot;behavior&quot;:&quot;columns&quot;,&quot;images_proportion&quot;:&quot;full&quot;,&quot;columns&quot;:&quot;1&quot;,&quot;columns_responsive&quot;:&quot;predefined&quot;,&quot;space&quot;:&quot;normal&quot;,&quot;posts_per_page&quot;:&quot;6&quot;,&quot;orderby&quot;:&quot;date&quot;,&quot;order&quot;:&quot;ASC&quot;,&quot;additional_params&quot;:&quot;tax&quot;,&quot;tax&quot;:&quot;category&quot;,&quot;layout&quot;:&quot;standard&quot;,&quot;title_tag&quot;:&quot;h3&quot;,&quot;enable_animation&quot;:&quot;no&quot;,&quot;enable_author_info&quot;:&quot;no&quot;,&quot;enable_read_more&quot;:&quot;yes&quot;,&quot;excerpt_length&quot;:&quot;397&quot;,&quot;enable_filter&quot;:&quot;no&quot;,&quot;pagination_type&quot;:&quot;standard&quot;,&quot;object_class_name&quot;:&quot;AlloggioCoreBlogListShortcode&quot;,&quot;taxonomy_filter&quot;:&quot;category&quot;,&quot;space_value&quot;:15}\">\n\t\t<div class=\"qodef-grid-inner clear\">\n\t\t<article class=\"qodef-e qodef-blog-item qodef-grid-item qodef-item--full post-7175 post type-post status-publish format-standard has-post-thumbnail hentry category-oferuje\">\n\t<div class=\"qodef-e-inner\">\n\t\t<div class=\"qodef-e-media\">\n\t\t<div class=\"qodef-e-media-image\">\n\t\t<a itemprop=\"url\" href=\"https:\/\/www.gattero.it\/pl\/lipcowa-oferta-specjalna\/\">\n\t\t\t<img loading=\"lazy\" decoding=\"async\" width=\"2048\" height=\"1364\" src=\"https:\/\/www.gattero.it\/wp-content\/uploads\/2022\/10\/foto-miste-settembre-25.jpg\" class=\"attachment-full size-full wp-post-image\" alt=\"\" srcset=\"https:\/\/www.gattero.it\/wp-content\/uploads\/2022\/10\/foto-miste-settembre-25.jpg 2048w, https:\/\/www.gattero.it\/wp-content\/uploads\/2022\/10\/foto-miste-settembre-25-300x200.jpg 300w, https:\/\/www.gattero.it\/wp-content\/uploads\/2022\/10\/foto-miste-settembre-25-1024x682.jpg 1024w, https:\/\/www.gattero.it\/wp-content\/uploads\/2022\/10\/foto-miste-settembre-25-768x512.jpg 768w, https:\/\/www.gattero.it\/wp-content\/uploads\/2022\/10\/foto-miste-settembre-25-1536x1023.jpg 1536w\" sizes=\"auto, (max-width: 2048px) 100vw, 2048px\" \/>\t\t<\/a>\n\t<\/div>\n<\/div>\t\t<div class=\"qodef-e-content\">\n\t\t\t<div class=\"qodef-e-info qodef-info--top\">\n\t\t\t\t<div itemprop=\"dateCreated\" class=\"qodef-e-info-item qodef-e-info-date entry-date \">\n\t<a itemprop=\"url\" href=\"https:\/\/www.gattero.it\/pl\/2020\/04\/\">7 kwietnia, 2020<\/a>\n\t<meta itemprop=\"interactionCount\" content=\"UserComments: 0\"\/>\n<\/div>\t\t\t<\/div>\n\t\t\t<div class=\"qodef-e-text\">\n\t\t\t\t<h3 itemprop=\"name\" class=\"qodef-e-title entry-title\" >\n\t<a itemprop=\"url\" class=\"qodef-e-title-link\" href=\"https:\/\/www.gattero.it\/pl\/lipcowa-oferta-specjalna\/\">\n\t\tLipcowa Oferta Specjalna\t<\/a>\n<\/h3>\t\t<p itemprop=\"description\" class=\"qodef-e-excerpt\">Lorem ipsum dolor sit amet, consectetur adipiscing elit. Nullam blandit hendrerit faucibus. Suspendisse hendrerit turpis dui, eget ultricies erat consequat ut. Sed ac velit iaculis, condimentum neque eu, maximus urna. Maecenas vitae nunc sit amet risus aliquet facilisis. Cum sociis natoque penatibus et magnis dis parturient montes, nascetur ridiculus mus. In facilisis mi sit amet metus sagittis<\/p>\n\t\t\t\t<\/div>\n\t\t\t\t\t\t\t<div class=\"qodef-e-info qodef-info--bottom\">\n\t\t\t\t\t\t<div class=\"qodef-e-read-more\">\n\t\t<a class=\"qodef-shortcode qodef-m  qodef-button qodef-layout--textual  qodef-html--link\" href=\"https:\/\/www.gattero.it\/pl\/lipcowa-oferta-specjalna\/\" target=\"_self\"  >\t<span class=\"qodef-m-text\">Read More<\/span>\t<span class=\"qodef-m-plus\"><\/span><\/a>\t<\/div>\n\t\t\t\t<\/div>\n\t\t\t\t\t<\/div>\n\t<\/div>\n<\/article>\t<\/div>\n\t<\/div>\t\t<\/div>\n\t\t\t\t<\/div>\n\t\t\t\t\t<\/div>\n\t\t<\/div>\n\t\t\t\t\t\t\t<\/div>\n\t\t<\/section>\n\t\t\t\t\t\t\t<\/div>\n\t\t","protected":false},"excerpt":{"rendered":"<p>Marzo 26, 2020 Eat the Rainbow Lorem ipsum dolor sit amet, consectetur adipiscing elit. Nullam blandit hendrerit faucibus. Suspendisse hendrerit turpis dui, eget ultricies erat consequat ut. Sed ac velit iaculis, condimentum neque eu, maximus urna. Maecenas vitae nunc sit amet risus aliquet facilisis. Cum sociis natoque penatibus et magnis dis parturient montes, nascetur ridiculus [&hellip;]<\/p>\n","protected":false},"author":2,"featured_media":0,"parent":0,"menu_order":0,"comment_status":"closed","ping_status":"closed","template":"","meta":{"footnotes":""},"class_list":["post-7166","page","type-page","status-publish","hentry"],"yoast_head":"<!-- This site is optimized with the Yoast SEO plugin v26.1 - https:\/\/yoast.com\/wordpress\/plugins\/seo\/ -->\n<title>Oferuje wakacje na farmie w Volterra - Agriturismo il Gattero<\/title>\n<meta name=\"description\" content=\"Agriturismo Gattero znajduje si\u0119 w pobli\u017cu Volterry w Toskanii. Odkryj nasze oferty specjalne przez ca\u0142y rok. Oferuje wakacje na farmie w Volterra\" \/>\n<meta name=\"robots\" content=\"index, follow, max-snippet:-1, max-image-preview:large, max-video-preview:-1\" \/>\n<link rel=\"canonical\" href=\"https:\/\/www.gattero.it\/pl\/oferty-dom-w-toskanii\/\" \/>\n<meta property=\"og:locale\" content=\"pl_PL\" \/>\n<meta property=\"og:type\" content=\"article\" \/>\n<meta property=\"og:title\" content=\"Oferuje wakacje na farmie w Volterra - Agriturismo il Gattero\" \/>\n<meta property=\"og:description\" content=\"Agriturismo Gattero znajduje si\u0119 w pobli\u017cu Volterry w Toskanii. Odkryj nasze oferty specjalne przez ca\u0142y rok. Oferuje wakacje na farmie w Volterra\" \/>\n<meta property=\"og:url\" content=\"https:\/\/www.gattero.it\/pl\/oferty-dom-w-toskanii\/\" \/>\n<meta property=\"og:site_name\" content=\"Agriturismo il Gattero\" \/>\n<meta property=\"article:modified_time\" content=\"2022-10-14T07:55:14+00:00\" \/>\n<meta property=\"og:image\" content=\"https:\/\/www.gattero.it\/wp-content\/uploads\/2020\/03\/blog-featured-img-11.jpg\" \/>\n<meta name=\"twitter:card\" content=\"summary_large_image\" \/>\n<meta name=\"twitter:label1\" content=\"Szacowany czas czytania\" \/>\n\t<meta name=\"twitter:data1\" content=\"2 minuty\" \/>\n<script type=\"application\/ld+json\" class=\"yoast-schema-graph\">{\"@context\":\"https:\/\/schema.org\",\"@graph\":[{\"@type\":\"WebPage\",\"@id\":\"https:\/\/www.gattero.it\/pl\/oferty-dom-w-toskanii\/\",\"url\":\"https:\/\/www.gattero.it\/pl\/oferty-dom-w-toskanii\/\",\"name\":\"Oferuje wakacje na farmie w Volterra - Agriturismo il Gattero\",\"isPartOf\":{\"@id\":\"https:\/\/www.gattero.it\/pl\/#website\"},\"primaryImageOfPage\":{\"@id\":\"https:\/\/www.gattero.it\/pl\/oferty-dom-w-toskanii\/#primaryimage\"},\"image\":{\"@id\":\"https:\/\/www.gattero.it\/pl\/oferty-dom-w-toskanii\/#primaryimage\"},\"thumbnailUrl\":\"https:\/\/www.gattero.it\/wp-content\/uploads\/2020\/03\/blog-featured-img-11.jpg\",\"datePublished\":\"2020-03-20T11:50:16+00:00\",\"dateModified\":\"2022-10-14T07:55:14+00:00\",\"description\":\"Agriturismo Gattero znajduje si\u0119 w pobli\u017cu Volterry w Toskanii. Odkryj nasze oferty specjalne przez ca\u0142y rok. Oferuje wakacje na farmie w Volterra\",\"breadcrumb\":{\"@id\":\"https:\/\/www.gattero.it\/pl\/oferty-dom-w-toskanii\/#breadcrumb\"},\"inLanguage\":\"pl-PL\",\"potentialAction\":[{\"@type\":\"ReadAction\",\"target\":[\"https:\/\/www.gattero.it\/pl\/oferty-dom-w-toskanii\/\"]}]},{\"@type\":\"ImageObject\",\"inLanguage\":\"pl-PL\",\"@id\":\"https:\/\/www.gattero.it\/pl\/oferty-dom-w-toskanii\/#primaryimage\",\"url\":\"https:\/\/www.gattero.it\/wp-content\/uploads\/2020\/03\/blog-featured-img-11.jpg\",\"contentUrl\":\"https:\/\/www.gattero.it\/wp-content\/uploads\/2020\/03\/blog-featured-img-11.jpg\"},{\"@type\":\"BreadcrumbList\",\"@id\":\"https:\/\/www.gattero.it\/pl\/oferty-dom-w-toskanii\/#breadcrumb\",\"itemListElement\":[{\"@type\":\"ListItem\",\"position\":1,\"name\":\"Home\",\"item\":\"https:\/\/www.gattero.it\/pl\/main-home\/\"},{\"@type\":\"ListItem\",\"position\":2,\"name\":\"Oferty\"}]},{\"@type\":\"WebSite\",\"@id\":\"https:\/\/www.gattero.it\/pl\/#website\",\"url\":\"https:\/\/www.gattero.it\/pl\/\",\"name\":\"Agriturismo il Gattero\",\"description\":\"Agriturismo con piscina nella campagna toscana\",\"publisher\":{\"@id\":\"https:\/\/www.gattero.it\/pl\/#organization\"},\"potentialAction\":[{\"@type\":\"SearchAction\",\"target\":{\"@type\":\"EntryPoint\",\"urlTemplate\":\"https:\/\/www.gattero.it\/pl\/?s={search_term_string}\"},\"query-input\":{\"@type\":\"PropertyValueSpecification\",\"valueRequired\":true,\"valueName\":\"search_term_string\"}}],\"inLanguage\":\"pl-PL\"},{\"@type\":\"Organization\",\"@id\":\"https:\/\/www.gattero.it\/pl\/#organization\",\"name\":\"Agriturismo Il Gattero\",\"url\":\"https:\/\/www.gattero.it\/pl\/\",\"logo\":{\"@type\":\"ImageObject\",\"inLanguage\":\"pl-PL\",\"@id\":\"https:\/\/www.gattero.it\/pl\/#\/schema\/logo\/image\/\",\"url\":\"https:\/\/www.gattero.it\/wp-content\/uploads\/2022\/10\/logo-gattero-agriturismo.png\",\"contentUrl\":\"https:\/\/www.gattero.it\/wp-content\/uploads\/2022\/10\/logo-gattero-agriturismo.png\",\"width\":318,\"height\":100,\"caption\":\"Agriturismo Il Gattero\"},\"image\":{\"@id\":\"https:\/\/www.gattero.it\/pl\/#\/schema\/logo\/image\/\"}}]}<\/script>\n<!-- \/ Yoast SEO plugin. -->","yoast_head_json":{"title":"Oferuje wakacje na farmie w Volterra - Agriturismo il Gattero","description":"Agriturismo Gattero znajduje si\u0119 w pobli\u017cu Volterry w Toskanii. Odkryj nasze oferty specjalne przez ca\u0142y rok. Oferuje wakacje na farmie w Volterra","robots":{"index":"index","follow":"follow","max-snippet":"max-snippet:-1","max-image-preview":"max-image-preview:large","max-video-preview":"max-video-preview:-1"},"canonical":"https:\/\/www.gattero.it\/pl\/oferty-dom-w-toskanii\/","og_locale":"pl_PL","og_type":"article","og_title":"Oferuje wakacje na farmie w Volterra - Agriturismo il Gattero","og_description":"Agriturismo Gattero znajduje si\u0119 w pobli\u017cu Volterry w Toskanii. Odkryj nasze oferty specjalne przez ca\u0142y rok. Oferuje wakacje na farmie w Volterra","og_url":"https:\/\/www.gattero.it\/pl\/oferty-dom-w-toskanii\/","og_site_name":"Agriturismo il Gattero","article_modified_time":"2022-10-14T07:55:14+00:00","og_image":[{"url":"https:\/\/www.gattero.it\/wp-content\/uploads\/2020\/03\/blog-featured-img-11.jpg","type":"","width":"","height":""}],"twitter_card":"summary_large_image","twitter_misc":{"Szacowany czas czytania":"2 minuty"},"schema":{"@context":"https:\/\/schema.org","@graph":[{"@type":"WebPage","@id":"https:\/\/www.gattero.it\/pl\/oferty-dom-w-toskanii\/","url":"https:\/\/www.gattero.it\/pl\/oferty-dom-w-toskanii\/","name":"Oferuje wakacje na farmie w Volterra - Agriturismo il Gattero","isPartOf":{"@id":"https:\/\/www.gattero.it\/pl\/#website"},"primaryImageOfPage":{"@id":"https:\/\/www.gattero.it\/pl\/oferty-dom-w-toskanii\/#primaryimage"},"image":{"@id":"https:\/\/www.gattero.it\/pl\/oferty-dom-w-toskanii\/#primaryimage"},"thumbnailUrl":"https:\/\/www.gattero.it\/wp-content\/uploads\/2020\/03\/blog-featured-img-11.jpg","datePublished":"2020-03-20T11:50:16+00:00","dateModified":"2022-10-14T07:55:14+00:00","description":"Agriturismo Gattero znajduje si\u0119 w pobli\u017cu Volterry w Toskanii. Odkryj nasze oferty specjalne przez ca\u0142y rok. Oferuje wakacje na farmie w Volterra","breadcrumb":{"@id":"https:\/\/www.gattero.it\/pl\/oferty-dom-w-toskanii\/#breadcrumb"},"inLanguage":"pl-PL","potentialAction":[{"@type":"ReadAction","target":["https:\/\/www.gattero.it\/pl\/oferty-dom-w-toskanii\/"]}]},{"@type":"ImageObject","inLanguage":"pl-PL","@id":"https:\/\/www.gattero.it\/pl\/oferty-dom-w-toskanii\/#primaryimage","url":"https:\/\/www.gattero.it\/wp-content\/uploads\/2020\/03\/blog-featured-img-11.jpg","contentUrl":"https:\/\/www.gattero.it\/wp-content\/uploads\/2020\/03\/blog-featured-img-11.jpg"},{"@type":"BreadcrumbList","@id":"https:\/\/www.gattero.it\/pl\/oferty-dom-w-toskanii\/#breadcrumb","itemListElement":[{"@type":"ListItem","position":1,"name":"Home","item":"https:\/\/www.gattero.it\/pl\/main-home\/"},{"@type":"ListItem","position":2,"name":"Oferty"}]},{"@type":"WebSite","@id":"https:\/\/www.gattero.it\/pl\/#website","url":"https:\/\/www.gattero.it\/pl\/","name":"Agriturismo il Gattero","description":"Agriturismo con piscina nella campagna toscana","publisher":{"@id":"https:\/\/www.gattero.it\/pl\/#organization"},"potentialAction":[{"@type":"SearchAction","target":{"@type":"EntryPoint","urlTemplate":"https:\/\/www.gattero.it\/pl\/?s={search_term_string}"},"query-input":{"@type":"PropertyValueSpecification","valueRequired":true,"valueName":"search_term_string"}}],"inLanguage":"pl-PL"},{"@type":"Organization","@id":"https:\/\/www.gattero.it\/pl\/#organization","name":"Agriturismo Il Gattero","url":"https:\/\/www.gattero.it\/pl\/","logo":{"@type":"ImageObject","inLanguage":"pl-PL","@id":"https:\/\/www.gattero.it\/pl\/#\/schema\/logo\/image\/","url":"https:\/\/www.gattero.it\/wp-content\/uploads\/2022\/10\/logo-gattero-agriturismo.png","contentUrl":"https:\/\/www.gattero.it\/wp-content\/uploads\/2022\/10\/logo-gattero-agriturismo.png","width":318,"height":100,"caption":"Agriturismo Il Gattero"},"image":{"@id":"https:\/\/www.gattero.it\/pl\/#\/schema\/logo\/image\/"}}]}},"_links":{"self":[{"href":"https:\/\/www.gattero.it\/pl\/wp-json\/wp\/v2\/pages\/7166","targetHints":{"allow":["GET"]}}],"collection":[{"href":"https:\/\/www.gattero.it\/pl\/wp-json\/wp\/v2\/pages"}],"about":[{"href":"https:\/\/www.gattero.it\/pl\/wp-json\/wp\/v2\/types\/page"}],"author":[{"embeddable":true,"href":"https:\/\/www.gattero.it\/pl\/wp-json\/wp\/v2\/users\/2"}],"replies":[{"embeddable":true,"href":"https:\/\/www.gattero.it\/pl\/wp-json\/wp\/v2\/comments?post=7166"}],"version-history":[{"count":2,"href":"https:\/\/www.gattero.it\/pl\/wp-json\/wp\/v2\/pages\/7166\/revisions"}],"predecessor-version":[{"id":7171,"href":"https:\/\/www.gattero.it\/pl\/wp-json\/wp\/v2\/pages\/7166\/revisions\/7171"}],"wp:attachment":[{"href":"https:\/\/www.gattero.it\/pl\/wp-json\/wp\/v2\/media?parent=7166"}],"curies":[{"name":"wp","href":"https:\/\/api.w.org\/{rel}","templated":true}]}}